{"id":24,"date":"2013-10-22T19:40:44","date_gmt":"2013-10-22T17:40:44","guid":{"rendered":"http:\/\/lungenreha.at\/?page_id=24"},"modified":"2014-12-09T19:35:31","modified_gmt":"2014-12-09T17:35:31","slug":"pneumologische-reha-in-oesterreich","status":"publish","type":"page","link":"https:\/\/www.vervievas.org\/lungenreha\/pneumologische-reha-in-oesterreich\/","title":{"rendered":"Pneumologische Reha in \u00d6sterreich"},"content":{"rendered":"<p>Ein \u00dcberblick zu den Angeboten an pneumologischer Rehabilitation in \u00d6sterreich:<\/p>\n<p><b>Wien<\/b><\/p>\n<ul>\n<li><a title=\"Website der Therme Wien Med - Pneumologische Rehabilitation\" href=\"http:\/\/www.thermewienmed.at\/index.php?id=23&amp;tab=3\" target=\"_blank\">Therme Wien Med<\/a><\/li>\n<li>ZAR Wien<\/li>\n<li>Otto Wagner Spital<\/li>\n<li>Hanusch Krankenhaus<\/li>\n<li>Hartmannspital<\/li>\n<li>Krankenhaus Hietzing<\/li>\n<\/ul>\n<p><b>\u00a0<\/b><b style=\"line-height: 1.714285714; font-size: 1rem;\">Nieder\u00f6sterreich<\/b><\/p>\n<ul>\n<li>Hochegg<\/li>\n<li>Raxblick<b>\u00a0<\/b><\/li>\n<\/ul>\n<p><b>Burgenland<\/b><\/p>\n<ul>\n<li>Der Sonnberghof<\/li>\n<\/ul>\n<p><b>\u00a0<\/b><b style=\"line-height: 1.714285714; font-size: 1rem;\">Ober\u00f6sterreich<\/b><\/p>\n<ul>\n<li>Pulmo Vital Wels<\/li>\n<li>Weyer<\/li>\n<\/ul>\n<p><b>\u00a0<\/b><b style=\"line-height: 1.714285714; font-size: 1rem;\">Steiermark<\/b><\/p>\n<ul>\n<li>Dr Fasching<\/li>\n<li>ZAR Graz<\/li>\n<li>LKH West<\/li>\n<li>Bad Gleichenberg<\/li>\n<li>Tobelbad<\/li>\n<\/ul>\n<p><b>K\u00e4rnten<\/b><\/p>\n<ul>\n<li>Althofen<\/li>\n<\/ul>\n<p><b>\u00a0<\/b><b style=\"line-height: 1.714285714; font-size: 1rem;\">Tirol<\/b><\/p>\n<ul>\n<li>REHAmed Tirol<\/li>\n<li>Univ. Klinik IV Innsbruck<\/li>\n<li>M\u00fcnster<\/li>\n<li>Natters<\/li>\n<\/ul>\n","protected":false},"excerpt":{"rendered":"<p>Ein \u00dcberblick zu den Angeboten an pneumologischer Rehabilitation in \u00d6sterreich: Wien Therme Wien Med ZAR Wien Otto Wagner Spital Hanusch Krankenhaus Hartmannspital Krankenhaus Hietzing \u00a0Nieder\u00f6sterreich Hochegg Raxblick\u00a0 Burgenland Der Sonnberghof \u00a0Ober\u00f6sterreich Pulmo Vital Wels Weyer \u00a0Steiermark Dr Fasching ZAR Graz LKH West Bad Gleichenberg Tobelbad K\u00e4rnten Althofen \u00a0Tirol REHAmed Tirol Univ. Klinik IV Innsbruck M\u00fcnster [&hellip;]<\/p>\n","protected":false},"author":2,"featured_media":0,"parent":0,"menu_order":0,"comment_status":"closed","ping_status":"closed","template":"","meta":[],"_links":{"self":[{"href":"https:\/\/www.vervievas.org\/lungenreha\/wp-json\/wp\/v2\/pages\/24"}],"collection":[{"href":"https:\/\/www.vervievas.org\/lungenreha\/wp-json\/wp\/v2\/pages"}],"about":[{"href":"https:\/\/www.vervievas.org\/lungenreha\/wp-json\/wp\/v2\/types\/page"}],"author":[{"embeddable":true,"href":"https:\/\/www.vervievas.org\/lungenreha\/wp-json\/wp\/v2\/users\/2"}],"replies":[{"embeddable":true,"href":"https:\/\/www.vervievas.org\/lungenreha\/wp-json\/wp\/v2\/comments?post=24"}],"version-history":[{"count":4,"href":"https:\/\/www.vervievas.org\/lungenreha\/wp-json\/wp\/v2\/pages\/24\/revisions"}],"predecessor-version":[{"id":64,"href":"https:\/\/www.vervievas.org\/lungenreha\/wp-json\/wp\/v2\/pages\/24\/revisions\/64"}],"wp:attachment":[{"href":"https:\/\/www.vervievas.org\/lungenreha\/wp-json\/wp\/v2\/media?parent=24"}],"curies":[{"name":"wp","href":"https:\/\/api.w.org\/{rel}","templated":true}]}}